{"id":106,"date":"2022-01-14T11:14:15","date_gmt":"2022-01-14T10:14:15","guid":{"rendered":"https:\/\/beelong.ch\/?page_id=106"},"modified":"2022-11-10T21:49:59","modified_gmt":"2022-11-10T20:49:59","slug":"coming-soon","status":"publish","type":"page","link":"https:\/\/beelong.ch\/de\/coming-soon\/","title":{"rendered":"Coming Soon"},"content":{"rendered":"<div style=\"height:100px\" aria-hidden=\"true\" class=\"wp-block-spacer\"><\/div>\n\n\n\n<div class=\"wp-block-group\"><div class=\"wp-block-group__inner-container is-layout-flow wp-block-group-is-layout-flow\">\n<div class=\"wp-block-columns is-layout-flex wp-container-core-columns-is-layout-9d6595d7 wp-block-columns-is-layout-flex\">\n<div class=\"wp-block-column m-auto is-layout-flow wp-block-column-is-layout-flow\" style=\"flex-basis:60%\">\n<h2 class=\"has-text-align-center text-blue mb-4 wp-block-heading\" id=\"disponible-bientot\">Bald erh\u00e4ltlich!<\/h2>\n\n\n\n<div style=\"height:54px\" aria-hidden=\"true\" class=\"wp-block-spacer\"><\/div>\n\n\n\n<p class=\"has-text-align-center my-4\">M\u00f6chten Sie nach Produkten suchen, die nach Kriterien wie Herkunft der Zutaten, Label oder Saison ausgew\u00e4hlt wurden? Oder Produkte meiden, die Palm\u00f6l oder bedrohte Fischarten enthalten? Beelong arbeitet hart daran, seine Datenbank zu \u00f6ffnen, und wird dies m\u00f6glich sein. Abonnieren Sie unseren Newsletter, um nichts zu verpassen!<\/p>\n\n\n\n<div style=\"height:100px\" aria-hidden=\"true\" class=\"wp-block-spacer\"><\/div>\n\n\n\n<div class=\"wp-block-buttons is-content-justification-center is-layout-flex wp-container-core-buttons-is-layout-16018d1d wp-block-buttons-is-layout-flex\">\n<div class=\"wp-block-button btn-green-gradient\"><a class=\"wp-block-button__link wp-element-button\" href=\"https:\/\/beelong.ch\/de\/contact\/#contact-newsletter\">Sich f\u00fcr den Newsletter anmelden<\/a><\/div>\n<\/div>\n<\/div>\n<\/div>\n<\/div><\/div>\n\n\n\n<div style=\"height:127px\" aria-hidden=\"true\" class=\"wp-block-spacer\"><\/div>","protected":false},"excerpt":{"rendered":"<p>Bient\u00f4t disponible ! Vous souhaitez rechercher des produits sur la base de crit\u00e8res comme la provenance des ingr\u00e9dients, le label, la saison? Ou&hellip;<\/p>","protected":false},"author":5,"featured_media":0,"parent":0,"menu_order":0,"comment_status":"closed","ping_status":"closed","template":"","meta":{"footnotes":""},"class_list":["post-106","page","type-page","status-publish","hentry"],"_links":{"self":[{"href":"https:\/\/beelong.ch\/de\/wp-json\/wp\/v2\/pages\/106","targetHints":{"allow":["GET"]}}],"collection":[{"href":"https:\/\/beelong.ch\/de\/wp-json\/wp\/v2\/pages"}],"about":[{"href":"https:\/\/beelong.ch\/de\/wp-json\/wp\/v2\/types\/page"}],"author":[{"embeddable":true,"href":"https:\/\/beelong.ch\/de\/wp-json\/wp\/v2\/users\/5"}],"replies":[{"embeddable":true,"href":"https:\/\/beelong.ch\/de\/wp-json\/wp\/v2\/comments?post=106"}],"version-history":[{"count":22,"href":"https:\/\/beelong.ch\/de\/wp-json\/wp\/v2\/pages\/106\/revisions"}],"predecessor-version":[{"id":1856,"href":"https:\/\/beelong.ch\/de\/wp-json\/wp\/v2\/pages\/106\/revisions\/1856"}],"wp:attachment":[{"href":"https:\/\/beelong.ch\/de\/wp-json\/wp\/v2\/media?parent=106"}],"curies":[{"name":"wp","href":"https:\/\/api.w.org\/{rel}","templated":true}]}}