{"id":174,"date":"2022-03-01T09:46:54","date_gmt":"2022-03-01T08:46:54","guid":{"rendered":"https:\/\/beelong.ch\/?page_id=174"},"modified":"2023-10-05T12:08:29","modified_gmt":"2023-10-05T10:08:29","slug":"eco-score-beelong-old","status":"publish","type":"page","link":"https:\/\/beelong.ch\/de\/eco-score-beelong-old\/","title":{"rendered":"L\u2019\u00e9co-score Beelong &#8211; Ancien"},"content":{"rendered":"<div class=\"wp-block-group bg-light-gradient\"><div class=\"wp-block-group__inner-container is-layout-flow wp-block-group-is-layout-flow\">\n<div style=\"height:80px\" aria-hidden=\"true\" class=\"wp-block-spacer\"><\/div>\n\n\n<div class=\"wp-bootstrap-blocks-container container mb-2\">\n\t\n\n<h1 class=\"wp-block-heading\">ECO-SCORE\u00ae by Beelong<\/h1>\n\n\n\n<div class=\"wp-block-columns is-layout-flex wp-container-core-columns-is-layout-9d6595d7 wp-block-columns-is-layout-flex\">\n<div class=\"wp-block-column is-layout-flow wp-block-column-is-layout-flow\">\n<h2 class=\"wp-block-heading text-center text-md-end\" id=\"notre-mission\">Unsere Mission<\/h2>\n\n\n\n<p class=\"text-md-end text-dark-green\" style=\"font-size:22px\"><strong>Unsere Mission besteht darin, die Transparenz im Lebensmittelmarkt zu f\u00f6rdern und die Auswirkungen von Lebensmitteln auf unseren Planeten aufzuzeigen, um Restaurantbetreiber, Konsumenten und die Lebensmittelindustrie auf ihrem Weg zu einer m\u00f6glichst nachhaltigen Ern\u00e4hrung zu begleiten.<\/strong><\/p>\n<\/div>\n\n\n\n<div class=\"wp-block-column is-layout-flow wp-block-column-is-layout-flow\">\n<p>Im Jahr 2050 wird es auf der Erde fast 10 Milliarden Menschen geben, die ern\u00e4hrt werden m\u00fcssen. Der Nahrungsmittelanbau ist bereits f\u00fcr einen Drittel der Umweltsch\u00e4den verantwortlich. Die Art und Weise, wie wir die Ressourcen der Erde ausbeuten und dabei den Planeten verschmutzen, darf so nicht weitergehen. Die Umweltbelastung, die bei der Herstellung von Lebensmitteln, beim Transport, bei der Konservierung und bei der Verarbeitung entsteht, ist sogar noch gr\u00f6sser als die Umweltauswirkungen des gesamten Verkehrs.&nbsp;<strong>Deshalb m\u00fcssen wir nachhaltiger handeln und konsumieren.<\/strong><\/p>\n\n\n\n<p>Um aber nachhaltiger konsumieren zu k\u00f6nnen, braucht man auch Zugang zu Produktinformationen. Und man muss sich mit der fehlenden Transparenz im Lebensmittelmarkt auseinandersetzen. Aus diesem Grund bewertet Beelong alle Lebensmittel auf einfache Weise und derselben Skala von A bis E. Dabei werden Informationen gesammelt, die einerseits vor Ort verf\u00fcgbar sind und andererseits von der wissenschaftlichen Gemeinschaft bereitgestellt werden.<\/p>\n<\/div>\n<\/div>\n\n\n\n<div class=\"wp-block-columns is-layout-flex wp-container-core-columns-is-layout-9d6595d7 wp-block-columns-is-layout-flex\">\n<div class=\"wp-block-column is-layout-flow wp-block-column-is-layout-flow\">\n<figure class=\"wp-block-image size-full\"><img loading=\"lazy\" decoding=\"async\" width=\"594\" height=\"292\" src=\"https:\/\/beelong.ch\/wp-content\/uploads\/2022\/02\/Intro1.png\" alt=\"Paysan\" class=\"wp-image-241\" srcset=\"https:\/\/beelong.ch\/wp-content\/uploads\/2022\/02\/Intro1.png 594w, https:\/\/beelong.ch\/wp-content\/uploads\/2022\/02\/Intro1-300x147.png 300w\" sizes=\"auto, (max-width: 594px) 100vw, 594px\" \/><\/figure>\n<\/div>\n\n\n\n<div class=\"wp-block-column is-layout-flow wp-block-column-is-layout-flow\">\n<figure class=\"wp-block-image size-full\"><img loading=\"lazy\" decoding=\"async\" width=\"593\" height=\"292\" src=\"https:\/\/beelong.ch\/wp-content\/uploads\/2022\/02\/Intro2.png\" alt=\"Packshot\" class=\"wp-image-242\" srcset=\"https:\/\/beelong.ch\/wp-content\/uploads\/2022\/02\/Intro2.png 593w, https:\/\/beelong.ch\/wp-content\/uploads\/2022\/02\/Intro2-300x148.png 300w\" sizes=\"auto, (max-width: 593px) 100vw, 593px\" \/><\/figure>\n<\/div>\n<\/div>\n\n<\/div>\n\n\n\n<div style=\"height:80px\" aria-hidden=\"true\" class=\"wp-block-spacer\"><\/div>\n<\/div><\/div>\n\n\n\n<div class=\"wp-block-group\"><div class=\"wp-block-group__inner-container is-layout-flow wp-block-group-is-layout-flow\"><div class=\"wp-bootstrap-blocks-container container mb-2\">\n\t\n\n<h2 class=\"wp-block-heading has-text-align-center\" id=\"comment-fonctionne-l-eco-score\">Wie funktioniert der Eco-Score?<\/h2>\n\n\n\n<p class=\"has-text-align-center\">Alle Lebensmittel werden anhand der gleichen Kriterien und auf der gleichen Skala von A bis E bewertet. Alle Zutaten, aus denen das Produkt besteht, werden zuerst bewertet und dann entsprechend ihrem Gewicht (kcal) auf das Endprodukt umgerechnet. Das Endprodukt wird schliesslich mittels zus\u00e4tzlicher Kriterien bewertet.<\/p>\n\n\n\n<figure class=\"wp-block-image size-large d-none d-md-block w-100\"><img loading=\"lazy\" decoding=\"async\" width=\"1024\" height=\"251\" src=\"https:\/\/beelong.ch\/wp-content\/uploads\/2022\/03\/CalculDE.png\" alt=\"\" class=\"wp-image-694\" srcset=\"https:\/\/beelong.ch\/wp-content\/uploads\/2022\/03\/CalculDE.png 2481w, https:\/\/beelong.ch\/wp-content\/uploads\/2022\/03\/CalculDE-300x74.png 300w, https:\/\/beelong.ch\/wp-content\/uploads\/2022\/03\/CalculDE-1024x251.png 1024w, https:\/\/beelong.ch\/wp-content\/uploads\/2022\/03\/CalculDE-768x188.png 768w, https:\/\/beelong.ch\/wp-content\/uploads\/2022\/03\/CalculDE-1536x376.png 1536w, https:\/\/beelong.ch\/wp-content\/uploads\/2022\/03\/CalculDE-2048x502.png 2048w, https:\/\/beelong.ch\/wp-content\/uploads\/2022\/03\/CalculDE-18x4.png 18w, https:\/\/beelong.ch\/wp-content\/uploads\/2022\/03\/CalculDE-850x208.png 850w\" sizes=\"auto, (max-width: 1024px) 100vw, 1024px\" \/><\/figure>\n\n\n\n<div class=\"wp-block-group d-md-none text-center\"><div class=\"wp-block-group__inner-container is-layout-flow wp-block-group-is-layout-flow\">\n<figure class=\"wp-block-image size-large\"><img loading=\"lazy\" decoding=\"async\" width=\"1024\" height=\"584\" src=\"https:\/\/beelong.ch\/wp-content\/uploads\/2022\/03\/CalculP1DE.png\" alt=\"\" class=\"wp-image-692\" srcset=\"https:\/\/beelong.ch\/wp-content\/uploads\/2022\/03\/CalculP1DE.png 1066w, https:\/\/beelong.ch\/wp-content\/uploads\/2022\/03\/CalculP1DE-300x171.png 300w, https:\/\/beelong.ch\/wp-content\/uploads\/2022\/03\/CalculP1DE-1024x584.png 1024w, https:\/\/beelong.ch\/wp-content\/uploads\/2022\/03\/CalculP1DE-768x438.png 768w, https:\/\/beelong.ch\/wp-content\/uploads\/2022\/03\/CalculP1DE-18x10.png 18w, https:\/\/beelong.ch\/wp-content\/uploads\/2022\/03\/CalculP1DE-850x485.png 850w\" sizes=\"auto, (max-width: 1024px) 100vw, 1024px\" \/><\/figure>\n\n\n\n<p class=\"has-x-large-font-size\">+<\/p>\n\n\n\n<figure class=\"wp-block-image size-full\"><img loading=\"lazy\" decoding=\"async\" width=\"738\" height=\"608\" src=\"https:\/\/beelong.ch\/wp-content\/uploads\/2022\/03\/CalculP2DE.png\" alt=\"\" class=\"wp-image-690\" srcset=\"https:\/\/beelong.ch\/wp-content\/uploads\/2022\/03\/CalculP2DE.png 738w, https:\/\/beelong.ch\/wp-content\/uploads\/2022\/03\/CalculP2DE-300x247.png 300w, https:\/\/beelong.ch\/wp-content\/uploads\/2022\/03\/CalculP2DE-15x12.png 15w\" sizes=\"auto, (max-width: 738px) 100vw, 738px\" \/><\/figure>\n\n\n\n<p class=\"has-x-large-font-size\">=<\/p>\n\n\n\n<figure class=\"wp-block-image size-full\"><img loading=\"lazy\" decoding=\"async\" width=\"480\" height=\"332\" src=\"https:\/\/beelong.ch\/wp-content\/uploads\/2022\/03\/CalculP3DE.png\" alt=\"\" class=\"wp-image-688\" srcset=\"https:\/\/beelong.ch\/wp-content\/uploads\/2022\/03\/CalculP3DE.png 480w, https:\/\/beelong.ch\/wp-content\/uploads\/2022\/03\/CalculP3DE-300x208.png 300w, https:\/\/beelong.ch\/wp-content\/uploads\/2022\/03\/CalculP3DE-18x12.png 18w\" sizes=\"auto, (max-width: 480px) 100vw, 480px\" \/><\/figure>\n<\/div><\/div>\n\n<\/div>\n\n\n\n<div style=\"height:80px\" aria-hidden=\"true\" class=\"wp-block-spacer\"><\/div>\n<\/div><\/div>\n\n\n\n<div class=\"wp-block-group\"><div class=\"wp-block-group__inner-container is-layout-flow wp-block-group-is-layout-flow\">\n<div style=\"height:80px\" aria-hidden=\"true\" class=\"wp-block-spacer\"><\/div>\n\n\n<div class=\"wp-bootstrap-blocks-container container mb-2\">\n\t\n<div id=\"beelong-accordeon-eco-score\"\n                data-plugin-root=\"https:\/\/beelong.ch\/wp-content\/plugins\/beelong-accordeons\/\"\n                data-locale=\"de_CH\">\n                <v-app>\n                    <h3>Jedes Kriterium hat seine Bedeutung<\/h3>\n                    <div class=\"row\">\n                        <div class=\"col-md-8\">\n                            <v-expansion-panels accordion v-model=\"selectedIndex\">\n                                <v-expansion-panel v-for=\"(item, index) in items\" :key=\"index\">\n                                    <v-expansion-panel-header>\n                                        {{ item.title[getLanguage()] }}\n                                    <\/v-expansion-panel-header>\n                                    <v-expansion-panel-content>\n                                        <div v-html=\"item.text[getLanguage()]\"><\/div>\n                                    <\/v-expansion-panel-content>\n                                <\/v-expansion-panel>\n                            <\/v-expansion-panels>\n                        <\/div>\n                        <div class=\"col-md-4 d-none d-md-block\">\n                            <img class=\"img-fluid\"\n                                v-if=\"selectedIndex !== undefined\"\n                                :src=\"getImageSource(items[selectedIndex].image)\"\/>\n                            <img class=\"img-fluid\"\n                                v-if=\"selectedIndex === undefined\"\n                                :src=\"getImageSource(items[0].image)\"\/>\n                        <\/div>\n                    <\/div>\n                <\/v-app>\n            <\/div>\n    \n\n<\/div>\n<\/div><\/div>\n\n\n\n<div class=\"wp-block-group bg-green-gradient\"><div class=\"wp-block-group__inner-container is-layout-flow wp-block-group-is-layout-flow\">\n<div style=\"height:25px\" aria-hidden=\"true\" class=\"wp-block-spacer\"><\/div>\n\n\n<div class=\"wp-bootstrap-blocks-container container mb-2\">\n\t\n\n<h2 class=\"wp-block-heading has-text-align-center text-white\" id=\"autres-questions\">Haben Sie weitere Fragen?<\/h2>\n\n\n\n<div class=\"wp-block-buttons is-content-justification-center is-layout-flex wp-container-core-buttons-is-layout-16018d1d wp-block-buttons-is-layout-flex\">\n<div class=\"wp-block-button btn-white\"><a class=\"wp-block-button__link wp-element-button\" href=\"https:\/\/beelong.ch\/de\/faq\/\">Consultez notre FAQ<\/a><\/div>\n<\/div>\n\n<\/div>\n\n\n\n<div class=\"wp-block-buttons is-layout-flex wp-block-buttons-is-layout-flex\">\n<div class=\"wp-block-button\"><a class=\"wp-block-button__link wp-element-button\" href=\"https:\/\/beelong.ch\/de\/?post_type=popup&amp;p=1412\" target=\"_blank\" rel=\"noreferrer noopener\">Test<\/a><\/div>\n<\/div>\n\n\n\n<div style=\"height:80px\" aria-hidden=\"true\" class=\"wp-block-spacer\"><\/div>\n<\/div><\/div>\n\n\n\n<div class=\"wp-block-group\"><div class=\"wp-block-group__inner-container is-layout-flow wp-block-group-is-layout-flow\">\n<div style=\"height:80px\" aria-hidden=\"true\" class=\"wp-block-spacer\"><\/div>\n\n\n<div class=\"wp-bootstrap-blocks-container container mb-2\">\n\t\n\n<h2 class=\"wp-block-heading has-text-align-center\" id=\"methodologie\">Eine Methodik im st\u00e4ndigen Wandel<\/h2>\n\n\n\n<div class=\"wp-block-columns is-layout-flex wp-container-core-columns-is-layout-9d6595d7 wp-block-columns-is-layout-flex\">\n<div class=\"wp-block-column is-layout-flow wp-block-column-is-layout-flow\">\n<p class=\"has-text-align-left text-dark-green text-md-end\" style=\"font-size:22px\"><strong>Die Methodik des Eco-Scores von Beelong und die oben genannten Kriterien wurden mehrfach wissenschaftlich \u00fcberpr\u00fcft. Sie ist jedoch einem st\u00e4ndigen Wandel unterworfen und h\u00e4ngt davon ab, wie sich die wissenschaftlichen Erkenntnisse entwickeln und wie sich der Zugang zu Felddaten ver\u00e4ndert.<\/strong><\/p>\n<\/div>\n\n\n\n<div class=\"wp-block-column is-layout-flow wp-block-column-is-layout-flow\">\n<p>Die Aufgabe des Eco-Scores von Beelong ist es nicht, eine vollst\u00e4ndige Lebenszyklusanalyse (LCA) zu ersetzen. Er f\u00f6rdert vielmehr die Transparenz im Lebensmittelmarkt und teilt die Umweltauswirkungen der Lebensmittel in einer verst\u00e4ndlichen Weise mit, um die Gastronomie, die Lebensmittelindustrie und die Bev\u00f6lkerung bei der Reduzierung dieser Auswirkungen zu unterst\u00fctzen. Und das auf pragmatische Art und Weise, indem er die aktuellen wissenschaftlichen Erkenntnisse und die auf dem Markt verf\u00fcgbaren Informationen nutzt.<\/p>\n<\/div>\n<\/div>\n\n<\/div>\n\n\n\n<div style=\"height:80px\" aria-hidden=\"true\" class=\"wp-block-spacer\"><\/div>\n<\/div><\/div>\n\n\n\n<div class=\"wp-block-group\"><div class=\"wp-block-group__inner-container is-layout-flow wp-block-group-is-layout-flow\"><div class=\"wp-bootstrap-blocks-container container mb-2\">\n\t\n\n<h2 class=\"wp-block-heading has-text-align-center\" id=\"comment-fonctionne-l-eco-score\">Produkte<\/h2>\n\n\n<div id=\"beelong-products-carousel\" \n            data-plugin-root=\"https:\/\/beelong.ch\/wp-content\/plugins\/beelong-carousels\/\"\n            data-locale=\"de_CH\">\n            <v-app>\n                <v-carousel cycle height=\"400\" show-arrows hide-delimiters>\n                    <template v-for=\"(product, index) in products\">\n                        <v-carousel-item v-if=\"(index + 1) % columns === 1 || columns === 1\"\n                        :key=\"index\">\n                            <div class=\"row justify-content-center\">\n                                <template v-for=\"(n,i) in columns\">\n                                    <template v-if=\"(+index + i) < products.length\">\n                                        <div :class=\"getColSizeClass()\" :key=\"i\">\n                                            <div v-if=\"(+index + i) < products.length\" height=\"100%\">\n                                                <a :href=\"getLink(products[index+i])\" class=\"h-100\" target=\"_blank\">\n                                                    <div class=\"product-card d-flex flex-column justify-content-between h-100\">\n                                                        <img class=\"product-image my-4\"\n                                                            :src=\"getImageSource(products[index+i])\" :alt=\"products[index+i].title\"\/>\n                                                        <div class=\"d-flex justify-content-between align-items-end\">\n                                                            <span class=\"product-title text-left\">{{ products[index+i].title[getLanguage()] }}<\/span>\n                                                            <img class=\"product-score-image\"\n                                                                :src=\"getScoreSource(products[index+i])\" :alt=\"products[index+i].score\"\/>\n                                                        <\/div>\n                                                    <\/div>\n                                                <\/a>\n                                            <\/div>\n                                        <\/div>\n                                    <\/template>\n                                <\/template>\n                            <\/div>\n                        <\/v-carousel-item>\n                    <\/template>\n                <\/v-carousel>\n            <\/v-app>\n        <\/div>\n\n\n\n<div class=\"wp-block-buttons is-content-justification-center is-layout-flex wp-container-core-buttons-is-layout-16018d1d wp-block-buttons-is-layout-flex\">\n<div class=\"wp-block-button btn-green-gradient\"><a class=\"wp-block-button__link wp-element-button\" href=\"https:\/\/beelong.ch\/de\/coming-soon\/\">Alle Produkte anzeigen<\/a><\/div>\n<\/div>\n\n<\/div>\n\n\n\n<div style=\"height:80px\" aria-hidden=\"true\" class=\"wp-block-spacer\"><\/div>\n<\/div><\/div>\n\n\n\n<div class=\"wp-block-buttons is-layout-flex wp-block-buttons-is-layout-flex\">\n\n\n\n<\/div>","protected":false},"excerpt":{"rendered":"","protected":false},"author":5,"featured_media":0,"parent":0,"menu_order":0,"comment_status":"closed","ping_status":"closed","template":"","meta":{"footnotes":""},"class_list":["post-174","page","type-page","status-publish","hentry"],"_links":{"self":[{"href":"https:\/\/beelong.ch\/de\/wp-json\/wp\/v2\/pages\/174","targetHints":{"allow":["GET"]}}],"collection":[{"href":"https:\/\/beelong.ch\/de\/wp-json\/wp\/v2\/pages"}],"about":[{"href":"https:\/\/beelong.ch\/de\/wp-json\/wp\/v2\/types\/page"}],"author":[{"embeddable":true,"href":"https:\/\/beelong.ch\/de\/wp-json\/wp\/v2\/users\/5"}],"replies":[{"embeddable":true,"href":"https:\/\/beelong.ch\/de\/wp-json\/wp\/v2\/comments?post=174"}],"version-history":[{"count":48,"href":"https:\/\/beelong.ch\/de\/wp-json\/wp\/v2\/pages\/174\/revisions"}],"predecessor-version":[{"id":3623,"href":"https:\/\/beelong.ch\/de\/wp-json\/wp\/v2\/pages\/174\/revisions\/3623"}],"wp:attachment":[{"href":"https:\/\/beelong.ch\/de\/wp-json\/wp\/v2\/media?parent=174"}],"curies":[{"name":"wp","href":"https:\/\/api.w.org\/{rel}","templated":true}]}}