{"id":3099,"date":"2023-07-11T13:11:28","date_gmt":"2023-07-11T11:11:28","guid":{"rendered":"https:\/\/beelong.ch\/?page_id=3099"},"modified":"2023-07-11T13:13:27","modified_gmt":"2023-07-11T11:13:27","slug":"acces-a-notre-webapp","status":"publish","type":"page","link":"https:\/\/beelong.ch\/en\/acces-a-notre-webapp\/","title":{"rendered":"Acc\u00e8s \u00e0 notre webapp!"},"content":{"rendered":"<div class=\"wp-block-group bg-light-gradient\"><div class=\"wp-block-group__inner-container is-layout-flow wp-block-group-is-layout-flow\">\n<div style=\"height:131px\" aria-hidden=\"true\" class=\"wp-block-spacer\"><\/div>\n\n\n<div class=\"wp-bootstrap-blocks-container container mb-2\">\n\t\n\n<div class=\"wp-block-columns is-layout-flex wp-container-core-columns-is-layout-9d6595d7 wp-block-columns-is-layout-flex\">\n<div class=\"wp-block-column is-vertically-aligned-center is-layout-flow wp-block-column-is-layout-flow\">\n<h1 class=\"wp-block-heading\" id=\"app-menu\">Coming soon \ud83d\ude80<\/h1>\n\n\n\n<p>Nous profitons de l&rsquo;\u00e9t\u00e9 pour am\u00e9liorer l\u2019App Beelong. La gestion des donn\u00e9es et les tableaux de bord s\u2019en trouverons am\u00e9lior\u00e9s, et de nouvelles fonctionnalit\u00e9s seront disponibles d\u2019ici fin juillet. Pour obtenir vos nouveaux acc\u00e8s, merci de nous \u00e9crire \u00e0 <a href=\"mailto:info@beelong.ch\">info@beelong.ch<\/a><\/p>\n<\/div>\n\n\n\n<div class=\"wp-block-column is-vertically-aligned-center is-layout-flow wp-block-column-is-layout-flow\">\n<figure class=\"wp-block-image size-full\"><img loading=\"lazy\" decoding=\"async\" width=\"1000\" height=\"788\" src=\"https:\/\/beelong.ch\/wp-content\/uploads\/2022\/06\/nouveautes.png\" alt=\"Nouveaut\u00e9s\" class=\"wp-image-1001\" srcset=\"https:\/\/beelong.ch\/wp-content\/uploads\/2022\/06\/nouveautes.png 1000w, https:\/\/beelong.ch\/wp-content\/uploads\/2022\/06\/nouveautes-300x236.png 300w, https:\/\/beelong.ch\/wp-content\/uploads\/2022\/06\/nouveautes-768x605.png 768w, https:\/\/beelong.ch\/wp-content\/uploads\/2022\/06\/nouveautes-15x12.png 15w, https:\/\/beelong.ch\/wp-content\/uploads\/2022\/06\/nouveautes-850x670.png 850w\" sizes=\"auto, (max-width: 1000px) 100vw, 1000px\" \/><\/figure>\n<\/div>\n<\/div>\n\n<\/div>\n\n\n\n<div style=\"height:138px\" aria-hidden=\"true\" class=\"wp-block-spacer\"><\/div>\n\n\n\n<p><\/p>\n\n\n\n<div style=\"height:80px\" aria-hidden=\"true\" class=\"wp-block-spacer\"><\/div>\n<\/div><\/div>","protected":false},"excerpt":{"rendered":"","protected":false},"author":7,"featured_media":0,"parent":0,"menu_order":0,"comment_status":"closed","ping_status":"closed","template":"","meta":{"footnotes":""},"class_list":["post-3099","page","type-page","status-publish","hentry"],"_links":{"self":[{"href":"https:\/\/beelong.ch\/en\/wp-json\/wp\/v2\/pages\/3099","targetHints":{"allow":["GET"]}}],"collection":[{"href":"https:\/\/beelong.ch\/en\/wp-json\/wp\/v2\/pages"}],"about":[{"href":"https:\/\/beelong.ch\/en\/wp-json\/wp\/v2\/types\/page"}],"author":[{"embeddable":true,"href":"https:\/\/beelong.ch\/en\/wp-json\/wp\/v2\/users\/7"}],"replies":[{"embeddable":true,"href":"https:\/\/beelong.ch\/en\/wp-json\/wp\/v2\/comments?post=3099"}],"version-history":[{"count":3,"href":"https:\/\/beelong.ch\/en\/wp-json\/wp\/v2\/pages\/3099\/revisions"}],"predecessor-version":[{"id":3102,"href":"https:\/\/beelong.ch\/en\/wp-json\/wp\/v2\/pages\/3099\/revisions\/3102"}],"wp:attachment":[{"href":"https:\/\/beelong.ch\/en\/wp-json\/wp\/v2\/media?parent=3099"}],"curies":[{"name":"wp","href":"https:\/\/api.w.org\/{rel}","templated":true}]}}