{"id":3892,"date":"2025-11-18T14:36:51","date_gmt":"2025-11-18T13:36:51","guid":{"rendered":"https:\/\/beelong.ch\/?page_id=3892"},"modified":"2025-11-18T14:46:30","modified_gmt":"2025-11-18T13:46:30","slug":"sign-up-beelong-newsletter","status":"publish","type":"page","link":"https:\/\/beelong.ch\/en\/sign-up-beelong-newsletter\/","title":{"rendered":"Sign-up Beelong Newsletter"},"content":{"rendered":"<div class=\"wp-bootstrap-blocks-row row\">\n\t\n\n<div class=\"col-12 col-md-12\">\n\t\t\t\n\n<div class=\"wp-block-group\"><div class=\"wp-block-group__inner-container is-layout-flow wp-block-group-is-layout-flow\">\n<div class=\"wp-block-group\"><div class=\"wp-block-group__inner-container is-layout-constrained wp-block-group-is-layout-constrained\">\n<h2 class=\"wp-block-heading has-text-align-center\">Newsletter sign-up <\/h2>\n<\/div><\/div>\n<\/div><\/div>\n\n\n<div class=\"wp-bootstrap-blocks-container container mb-2\">\n\t\n\n<div id=\"contact-newsletter\" class=\"wp-block-group bg-green-gradient rounded p-4\"><div class=\"wp-block-group__inner-container is-layout-flow wp-block-group-is-layout-flow\">\n<div class=\"wp-block-group justify-content-lg-start is-content-justification-center is-layout-flex wp-container-core-group-is-layout-19578e90 wp-block-group-is-layout-flex\">\n<figure class=\"wp-block-image size-full\"><img loading=\"lazy\" decoding=\"async\" width=\"113\" height=\"93\" src=\"https:\/\/beelong.ch\/wp-content\/uploads\/2022\/02\/Letter.png\" alt=\"Lettre\" class=\"wp-image-274\"\/><\/figure>\n\n\n\n<h3 class=\"wp-block-heading text-white my-2\">Inscrivez-vous \u00e0 notre newsletter et soyez inform\u00e9s des \u00e9v\u00e8nements, activit\u00e9s et nouveaut\u00e9s en lien avec la durabilit\u00e9, l&rsquo;\u00e9valuation environnementale et l&rsquo;impact du secteur de la gastronomie.<\/h3>\n\n\n\n<div class=\"wp-block-group ml-lg-auto\"><div class=\"wp-block-group__inner-container is-layout-flow wp-block-group-is-layout-flow\"><div class=\"forminator-ui forminator-custom-form forminator-custom-form-657   forminator_ajax\" data-forminator-render=\"0\" data-form=\"forminator-module-657\" data-uid=\"69d721322f412\"><br\/><\/div><form\n\t\t\t\tid=\"forminator-module-657\"\n\t\t\t\tclass=\"forminator-ui forminator-custom-form forminator-custom-form-657   forminator_ajax\"\n\t\t\t\tmethod=\"post\"\n\t\t\t\tdata-forminator-render=\"0\"\n\t\t\t\tdata-form-id=\"657\"\n\t\t\t\t\n\t\t\t\tdata-design=\"none\"\n\t\t\t\t\n\t\t\t\t\n\t\t\t\t\n\t\t\t\tdata-grid=\"open\"\n\t\t\t\t\n\t\t\t\t\n\t\t\t\tstyle=\"display: none;\"\n\t\t\t\t\n\t\t\t\tdata-uid=\"69d721322f412\" action=\"\"\n\t\t\t><div role=\"alert\" aria-live=\"polite\" class=\"forminator-response-message forminator-error\" aria-hidden=\"true\"><\/div><div class=\"forminator-row\"><div id=\"email-1\" class=\"forminator-field-email forminator-col forminator-col-12\"><div class=\"forminator-field\"><label for=\"forminator-field-email-1_69d721322f412\" class=\"forminator-label\" id=\"forminator-field-email-1_69d721322f412-label\">Email <span class=\"forminator-required\">*<\/span><\/label><input type=\"email\" name=\"email-1\" value=\"\" placeholder=\"Your email\" id=\"forminator-field-email-1_69d721322f412\" class=\"forminator-input forminator-email--field\" data-required=\"true\" aria-required=\"true\" \/><\/div><\/div><\/div><input type=\"hidden\" name=\"referer_url\" value=\"\" \/><div class=\"forminator-row forminator-row-last\"><div class=\"forminator-col\"><div class=\"forminator-field\"><button class=\"forminator-button forminator-button-submit btn-white ml-2\">Je m&#039;inscris<\/button><\/div><\/div><\/div><input type=\"hidden\" id=\"forminator_nonce\" name=\"forminator_nonce\" value=\"d163a0018b\" \/><input type=\"hidden\" name=\"_wp_http_referer\" value=\"\/en\/wp-json\/wp\/v2\/pages\/3892\" \/><input type=\"hidden\" name=\"form_id\" value=\"657\"><input type=\"hidden\" name=\"page_id\" value=\"3892\"><input type=\"hidden\" name=\"form_type\" value=\"default\"><input type=\"hidden\" name=\"current_url\" value=\"https:\/\/beelong.ch\/en\/sign-up-beelong-newsletter\/\"><input type=\"hidden\" name=\"render_id\" value=\"0\"><input type=\"hidden\" name=\"action\" value=\"forminator_submit_form_custom-forms\"><label for=\"input_2\" class=\"forminator-hidden\" aria-hidden=\"true\">Please do not fill in this field. <input id=\"input_2\" type=\"text\" name=\"input_2\" value=\"\" autocomplete=\"off\"><\/label><input type=\"hidden\" name=\"trp-form-language\" value=\"en\"\/><\/form>\n<\/div><\/div>\n<\/div>\n<\/div><\/div>\n\n<\/div>\n\n\t<\/div>\n\n<\/div>","protected":false},"excerpt":{"rendered":"","protected":false},"author":19,"featured_media":0,"parent":0,"menu_order":0,"comment_status":"closed","ping_status":"closed","template":"","meta":{"footnotes":""},"class_list":["post-3892","page","type-page","status-publish","hentry"],"_links":{"self":[{"href":"https:\/\/beelong.ch\/en\/wp-json\/wp\/v2\/pages\/3892","targetHints":{"allow":["GET"]}}],"collection":[{"href":"https:\/\/beelong.ch\/en\/wp-json\/wp\/v2\/pages"}],"about":[{"href":"https:\/\/beelong.ch\/en\/wp-json\/wp\/v2\/types\/page"}],"author":[{"embeddable":true,"href":"https:\/\/beelong.ch\/en\/wp-json\/wp\/v2\/users\/19"}],"replies":[{"embeddable":true,"href":"https:\/\/beelong.ch\/en\/wp-json\/wp\/v2\/comments?post=3892"}],"version-history":[{"count":11,"href":"https:\/\/beelong.ch\/en\/wp-json\/wp\/v2\/pages\/3892\/revisions"}],"predecessor-version":[{"id":3977,"href":"https:\/\/beelong.ch\/en\/wp-json\/wp\/v2\/pages\/3892\/revisions\/3977"}],"wp:attachment":[{"href":"https:\/\/beelong.ch\/en\/wp-json\/wp\/v2\/media?parent=3892"}],"curies":[{"name":"wp","href":"https:\/\/api.w.org\/{rel}","templated":true}]}}